{"id":121,"date":"2024-02-19T11:22:39","date_gmt":"2024-02-19T14:22:39","guid":{"rendered":"https:\/\/www.inprocorporate.com.br\/novo\/?page_id=121"},"modified":"2024-02-19T11:25:03","modified_gmt":"2024-02-19T14:25:03","slug":"institucional","status":"publish","type":"page","link":"https:\/\/www.inprocorporate.com.br\/novo\/institucional\/","title":{"rendered":"Institucional"},"content":{"rendered":"\n<h2 class=\"wp-block-heading\">Quem Somos<\/h2>\n\n\n\n<p>Criado em julho de 1997 por M\u00e1rcio Godoy, s\u00f3cio fundador, a IN-PR\u00d3 CORPORATE tem como miss\u00e3o assessorar empresas privadas na prospec\u00e7\u00e3o, identifica\u00e7\u00e3o e estrutura\u00e7\u00e3o de novos neg\u00f3cios.<\/p>\n\n\n\n<h2 class=\"wp-block-heading\">Benef\u00edcios<\/h2>\n\n\n\n<div class=\"wp-block-stackable-icon-list stk-block-icon-list stk-block stk-104157b\" data-block-id=\"104157b\"><svg style=\"display:none\"><defs><g id=\"stk-icon-list__icon-svg-def-104157b\"><svg xmlns=\"http:\/\/www.w3.org\/2000\/svg\" viewBox=\"0 0 190 190\"><polygon points=\"173.8,28.4 60.4,141.8 15.7,97.2 5.1,107.8 60.4,163 184.4,39 173.8,28.4\"\/><\/svg><\/g><\/defs><\/svg><ul class=\"stk-block-icon-list__ul stk-block-icon-list--column\">\n<li class=\"wp-block-stackable-icon-list-item stk-block-icon-list-item stk-block stk-cb335b5\" data-block-id=\"cb335b5\"><div class=\"stk-block-icon-list-item__content\"><span class=\"stk--svg-wrapper\"><div class=\"stk--inner-svg\"><svg aria-hidden=\"true\" width=\"32\" height=\"32\"><use xlink:href=\"#stk-icon-list__icon-svg-def-104157b\"><\/use><\/svg><\/div><\/span><span class=\"stk-block-icon-list-item__text\">Menor custo na conquista de clientes<\/span><\/div><\/li>\n\n\n\n<li class=\"wp-block-stackable-icon-list-item stk-block-icon-list-item stk-block stk-9515777\" data-block-id=\"9515777\"><div class=\"stk-block-icon-list-item__content\"><span class=\"stk--svg-wrapper\"><div class=\"stk--inner-svg\"><svg aria-hidden=\"true\" width=\"32\" height=\"32\"><use xlink:href=\"#stk-icon-list__icon-svg-def-104157b\"><\/use><\/svg><\/div><\/span><span class=\"stk-block-icon-list-item__text\">Comunica\u00e7\u00e3o mais assertiva<\/span><\/div><\/li>\n\n\n\n<li class=\"wp-block-stackable-icon-list-item stk-block-icon-list-item stk-block stk-8af99b3\" data-block-id=\"8af99b3\"><div class=\"stk-block-icon-list-item__content\"><span class=\"stk--svg-wrapper\"><div class=\"stk--inner-svg\"><svg aria-hidden=\"true\" width=\"32\" height=\"32\"><use xlink:href=\"#stk-icon-list__icon-svg-def-104157b\"><\/use><\/svg><\/div><\/span><span class=\"stk-block-icon-list-item__text\">Estrat\u00e9gias customizadas<\/span><\/div><\/li>\n\n\n\n<li class=\"wp-block-stackable-icon-list-item stk-block-icon-list-item stk-block stk-e9bc6ff\" data-block-id=\"e9bc6ff\"><div class=\"stk-block-icon-list-item__content\"><span class=\"stk--svg-wrapper\"><div class=\"stk--inner-svg\"><svg aria-hidden=\"true\" width=\"32\" height=\"32\"><use xlink:href=\"#stk-icon-list__icon-svg-def-104157b\"><\/use><\/svg><\/div><\/span><span class=\"stk-block-icon-list-item__text\">M\u00e9tricas em cada a\u00e7\u00e3o<\/span><\/div><\/li>\n<\/ul><\/div>\n\n\n\n<h2 class=\"wp-block-heading\">Premissas de Trabalho<\/h2>\n\n\n\n<div class=\"wp-block-stackable-icon-list stk-block-icon-list stk-block stk-7b72962\" data-block-id=\"7b72962\"><svg style=\"display:none\"><defs><g id=\"stk-icon-list__icon-svg-def-7b72962\"><svg xmlns=\"http:\/\/www.w3.org\/2000\/svg\" viewBox=\"0 0 190 190\"><polygon points=\"173.8,28.4 60.4,141.8 15.7,97.2 5.1,107.8 60.4,163 184.4,39 173.8,28.4\"\/><\/svg><\/g><\/defs><\/svg><ul class=\"stk-block-icon-list__ul stk-block-icon-list--column\">\n<li class=\"wp-block-stackable-icon-list-item stk-block-icon-list-item stk-block stk-d29c271\" data-block-id=\"d29c271\"><div class=\"stk-block-icon-list-item__content\"><span class=\"stk--svg-wrapper\"><div class=\"stk--inner-svg\"><svg aria-hidden=\"true\" width=\"32\" height=\"32\"><use xlink:href=\"#stk-icon-list__icon-svg-def-7b72962\"><\/use><\/svg><\/div><\/span><span class=\"stk-block-icon-list-item__text\">Dar aos nossos clientes foco estrat\u00e9gico no planejamento de suas a\u00e7\u00f5es institucionais, mercadol\u00f3gicas e sustent\u00e1veis.<\/span><\/div><\/li>\n\n\n\n<li class=\"wp-block-stackable-icon-list-item stk-block-icon-list-item stk-block stk-5206bf1\" data-block-id=\"5206bf1\"><div class=\"stk-block-icon-list-item__content\"><span class=\"stk--svg-wrapper\"><div class=\"stk--inner-svg\"><svg aria-hidden=\"true\" width=\"32\" height=\"32\"><use xlink:href=\"#stk-icon-list__icon-svg-def-7b72962\"><\/use><\/svg><\/div><\/span><span class=\"stk-block-icon-list-item__text\">Agregar valor ao seu neg\u00f3cio.<\/span><\/div><\/li>\n\n\n\n<li class=\"wp-block-stackable-icon-list-item stk-block-icon-list-item stk-block stk-b3754d8\" data-block-id=\"b3754d8\"><div class=\"stk-block-icon-list-item__content\"><span class=\"stk--svg-wrapper\"><div class=\"stk--inner-svg\"><svg aria-hidden=\"true\" width=\"32\" height=\"32\"><use xlink:href=\"#stk-icon-list__icon-svg-def-7b72962\"><\/use><\/svg><\/div><\/span><span class=\"stk-block-icon-list-item__text\">Compartilhar nossos conhecimentos e experi\u00eancias com o objetivo de transform\u00e1-las em resultados.<\/span><\/div><\/li>\n<\/ul><\/div>\n\n\n\n<h2 class=\"wp-block-heading\">Princ\u00edpios Profissionais<\/h2>\n\n\n\n<div class=\"wp-block-stackable-icon-list stk-block-icon-list stk-block stk-4ae5ecc\" data-block-id=\"4ae5ecc\"><svg style=\"display:none\"><defs><g id=\"stk-icon-list__icon-svg-def-4ae5ecc\"><svg xmlns=\"http:\/\/www.w3.org\/2000\/svg\" viewBox=\"0 0 190 190\"><polygon points=\"173.8,28.4 60.4,141.8 15.7,97.2 5.1,107.8 60.4,163 184.4,39 173.8,28.4\"\/><\/svg><\/g><\/defs><\/svg><ul class=\"stk-block-icon-list__ul stk-block-icon-list--column\">\n<li class=\"wp-block-stackable-icon-list-item stk-block-icon-list-item stk-block stk-9ad5749\" data-block-id=\"9ad5749\"><div class=\"stk-block-icon-list-item__content\"><span class=\"stk--svg-wrapper\"><div class=\"stk--inner-svg\"><svg aria-hidden=\"true\" width=\"32\" height=\"32\"><use xlink:href=\"#stk-icon-list__icon-svg-def-4ae5ecc\"><\/use><\/svg><\/div><\/span><span class=\"stk-block-icon-list-item__text\">Conduzir os neg\u00f3cios com \u00e9tica, integridade, honestidade e transpar\u00eancia;<\/span><\/div><\/li>\n\n\n\n<li class=\"wp-block-stackable-icon-list-item stk-block-icon-list-item stk-block stk-542fa45\" data-block-id=\"542fa45\"><div class=\"stk-block-icon-list-item__content\"><span class=\"stk--svg-wrapper\"><div class=\"stk--inner-svg\"><svg aria-hidden=\"true\" width=\"32\" height=\"32\"><use xlink:href=\"#stk-icon-list__icon-svg-def-4ae5ecc\"><\/use><\/svg><\/div><\/span><span class=\"stk-block-icon-list-item__text\">Buscar sustenta\u00e7\u00e3o e equil\u00edbrio dos neg\u00f3cios, de modo a obter melhores resultados para todos os envolvidos;<\/span><\/div><\/li>\n\n\n\n<li class=\"wp-block-stackable-icon-list-item stk-block-icon-list-item stk-block stk-d643405\" data-block-id=\"d643405\"><div class=\"stk-block-icon-list-item__content\"><span class=\"stk--svg-wrapper\"><div class=\"stk--inner-svg\"><svg aria-hidden=\"true\" width=\"32\" height=\"32\"><use xlink:href=\"#stk-icon-list__icon-svg-def-4ae5ecc\"><\/use><\/svg><\/div><\/span><span class=\"stk-block-icon-list-item__text\">Preservar a marca IN-PR\u00d3;<\/span><\/div><\/li>\n\n\n\n<li class=\"wp-block-stackable-icon-list-item stk-block-icon-list-item stk-block stk-c3bb06f\" data-block-id=\"c3bb06f\"><div class=\"stk-block-icon-list-item__content\"><span class=\"stk--svg-wrapper\"><div class=\"stk--inner-svg\"><svg aria-hidden=\"true\" width=\"32\" height=\"32\"><use xlink:href=\"#stk-icon-list__icon-svg-def-4ae5ecc\"><\/use><\/svg><\/div><\/span><span class=\"stk-block-icon-list-item__text\">Atender os clientes com presteza e cortesia;<\/span><\/div><\/li>\n\n\n\n<li class=\"wp-block-stackable-icon-list-item stk-block-icon-list-item stk-block stk-fc3703c\" data-block-id=\"fc3703c\"><div class=\"stk-block-icon-list-item__content\"><span class=\"stk--svg-wrapper\"><div class=\"stk--inner-svg\"><svg aria-hidden=\"true\" width=\"32\" height=\"32\"><use xlink:href=\"#stk-icon-list__icon-svg-def-4ae5ecc\"><\/use><\/svg><\/div><\/span><span class=\"stk-block-icon-list-item__text\">Incentivar o crescimento profissional, o aprendizado e o bem-estar dos colaboradores;<\/span><\/div><\/li>\n\n\n\n<li class=\"wp-block-stackable-icon-list-item stk-block-icon-list-item stk-block stk-6341f65\" data-block-id=\"6341f65\"><div class=\"stk-block-icon-list-item__content\"><span class=\"stk--svg-wrapper\"><div class=\"stk--inner-svg\"><svg aria-hidden=\"true\" width=\"32\" height=\"32\"><use xlink:href=\"#stk-icon-list__icon-svg-def-4ae5ecc\"><\/use><\/svg><\/div><\/span><span class=\"stk-block-icon-list-item__text\">Orientar a busca permanente da excel\u00eancia e do crescimento empresarial;<\/span><\/div><\/li>\n\n\n\n<li class=\"wp-block-stackable-icon-list-item stk-block-icon-list-item stk-block stk-ff22560\" data-block-id=\"ff22560\"><div class=\"stk-block-icon-list-item__content\"><span class=\"stk--svg-wrapper\"><div class=\"stk--inner-svg\"><svg aria-hidden=\"true\" width=\"32\" height=\"32\"><use xlink:href=\"#stk-icon-list__icon-svg-def-4ae5ecc\"><\/use><\/svg><\/div><\/span><span class=\"stk-block-icon-list-item__text\">Ter responsabilidade social e respeito ao meio ambiente;<\/span><\/div><\/li>\n\n\n\n<li class=\"wp-block-stackable-icon-list-item stk-block-icon-list-item stk-block stk-53dba66\" data-block-id=\"53dba66\"><div class=\"stk-block-icon-list-item__content\"><span class=\"stk--svg-wrapper\"><div class=\"stk--inner-svg\"><svg aria-hidden=\"true\" width=\"32\" height=\"32\"><use xlink:href=\"#stk-icon-list__icon-svg-def-4ae5ecc\"><\/use><\/svg><\/div><\/span><span class=\"stk-block-icon-list-item__text\">Primar pela qualidade dos servi\u00e7os;<\/span><\/div><\/li>\n\n\n\n<li class=\"wp-block-stackable-icon-list-item stk-block-icon-list-item stk-block stk-4777427\" data-block-id=\"4777427\"><div class=\"stk-block-icon-list-item__content\"><span class=\"stk--svg-wrapper\"><div class=\"stk--inner-svg\"><svg aria-hidden=\"true\" width=\"32\" height=\"32\"><use xlink:href=\"#stk-icon-list__icon-svg-def-4ae5ecc\"><\/use><\/svg><\/div><\/span><span class=\"stk-block-icon-list-item__text\">Manter o foco nas necessidades dos clientes.<\/span><\/div><\/li>\n<\/ul><\/div>\n\n\n\n<h2 class=\"wp-block-heading\">C\u00f3digo de \u00c9tica<\/h2>\n\n\n\n<p>O C\u00f3digo de \u00c9tica e Conduta da IN-PR\u00d3 tem como objetivo principal disciplinar condutas \u00e9ticas a serem adotadas no desenvolvimento das rela\u00e7\u00f5es pessoais ou profissionais dos colaboradores da IN-PR\u00d3. O C\u00f3digo define padr\u00f5es comportamentais com o objetivo de (i) dirimir conflitos de interesses, (ii) garantir a confidencialidade de informa\u00e7\u00f5es e (iii) promover pr\u00e1ticas de preven\u00e7\u00e3o e combate a atividades il\u00edcitas.<\/p>\n\n\n\n<p>Os par\u00e2metros de conduta estabelecidos no C\u00f3digo t\u00eam amparo nas principais normas e regulamentos do c\u00f3digo C\u00edvel e se baseiam nos princ\u00edpios da integridade, transpar\u00eancia e igualdade.<\/p>\n","protected":false},"excerpt":{"rendered":"<p>Quem Somos Criado em julho de 1997 por M\u00e1rcio Godoy, s\u00f3cio fundador, a IN-PR\u00d3 CORPORATE tem como miss\u00e3o assessorar empresas privadas na prospec\u00e7\u00e3o, identifica\u00e7\u00e3o e estrutura\u00e7\u00e3o de novos neg\u00f3cios. Benef\u00edcios Premissas de Trabalho Princ\u00edpios Profissionais C\u00f3digo de \u00c9tica O C\u00f3digo de \u00c9tica e Conduta da IN-PR\u00d3 tem como objetivo principal disciplinar condutas \u00e9ticas a serem [&hellip;]<\/p>\n","protected":false},"author":1,"featured_media":0,"parent":0,"menu_order":0,"comment_status":"closed","ping_status":"closed","template":"","meta":{"footnotes":""},"class_list":["post-121","page","type-page","status-publish","hentry"],"blocksy_meta":{"has_hero_section":"disabled","styles_descriptor":{"styles":{"desktop":"","tablet":"","mobile":""},"google_fonts":[],"version":6}},"_links":{"self":[{"href":"https:\/\/www.inprocorporate.com.br\/novo\/wp-json\/wp\/v2\/pages\/121","targetHints":{"allow":["GET"]}}],"collection":[{"href":"https:\/\/www.inprocorporate.com.br\/novo\/wp-json\/wp\/v2\/pages"}],"about":[{"href":"https:\/\/www.inprocorporate.com.br\/novo\/wp-json\/wp\/v2\/types\/page"}],"author":[{"embeddable":true,"href":"https:\/\/www.inprocorporate.com.br\/novo\/wp-json\/wp\/v2\/users\/1"}],"replies":[{"embeddable":true,"href":"https:\/\/www.inprocorporate.com.br\/novo\/wp-json\/wp\/v2\/comments?post=121"}],"version-history":[{"count":0,"href":"https:\/\/www.inprocorporate.com.br\/novo\/wp-json\/wp\/v2\/pages\/121\/revisions"}],"wp:attachment":[{"href":"https:\/\/www.inprocorporate.com.br\/novo\/wp-json\/wp\/v2\/media?parent=121"}],"curies":[{"name":"wp","href":"https:\/\/api.w.org\/{rel}","templated":true}]}}