{"id":131,"date":"2024-02-19T11:48:15","date_gmt":"2024-02-19T14:48:15","guid":{"rendered":"https:\/\/www.inprocorporate.com.br\/novo\/?page_id=131"},"modified":"2024-02-19T11:48:15","modified_gmt":"2024-02-19T14:48:15","slug":"selo-verde","status":"publish","type":"page","link":"https:\/\/www.inprocorporate.com.br\/novo\/selo-verde\/","title":{"rendered":"Selo Verde"},"content":{"rendered":"\n<h3 class=\"wp-block-heading\">Nosso Selo<\/h3>\n\n\n\n<p>A cada servi\u00e7o prestado aos nossos clientes, ao t\u00e9rmino de cada etapa de trabalho apresentamos o diagn\u00f3stico contendo a quantidade de \u00e1rvores nativas da Mata Atl\u00e2ntica a serem plantadas conforme a emiss\u00e3o de gases efeito estufa que a nossa equipe de colaboradores produziu para atender o objetivo do contrato de presta\u00e7\u00e3o de servi\u00e7os.<\/p>\n\n\n\n<h3 class=\"wp-block-heading\">Compromisso Ambiental<\/h3>\n\n\n\n<p>Compromisso Ambiental Todo e qualquer projeto ou contrato assinado com a IN-PR\u00d3 e seus colaboradores ser\u00e1 avaliado a quantidade de gases efeito estufa que foram produzidos ao longo do contrato. Nosso compromisso \u00e9 publicar estes n\u00fameros atrav\u00e9s do Balan\u00e7o Bianual S\u00f3cio Ambiental 2021\/2022 identificando e quantificando as a\u00e7\u00f5es para compensar o meio ambiente. Esta a\u00e7\u00e3o visa a Educa\u00e7\u00e3o Ambiental, e a capacita\u00e7\u00e3o das comunidades envolvidas com os nossos neg\u00f3cios.<\/p>\n\n\n\n<p><strong>Plante um futuro melhor, ainda \u00e9 tempo!<\/strong><\/p>\n\n\n\n<p><strong>Por que plantar uma \u00e1rvore?<\/strong>&nbsp;S\u00e3o diversos bons motivos para realizar um plantio.<\/p>\n\n\n\n<div class=\"wp-block-stackable-icon-list stk-block-icon-list stk-block stk-e9fe5e5\" data-block-id=\"e9fe5e5\"><ol class=\"stk-block-icon-list__ol stk-block-icon-list--column\">\n<li class=\"wp-block-stackable-icon-list-item stk-block-icon-list-item stk-block stk-e9d04c2\" data-block-id=\"e9d04c2\"><div class=\"stk-block-icon-list-item__content\"><span class=\"stk-block-icon-list-item__marker\" aria-hidden=\"true\"><\/span><span class=\"stk-block-icon-list-item__text\">Reduzir os n\u00edveis de contamina\u00e7\u00e3o do ar por reter part\u00edculas de p\u00f3 que flutuam.<\/span><\/div><\/li>\n\n\n\n<li class=\"wp-block-stackable-icon-list-item stk-block-icon-list-item stk-block stk-edb2c37\" data-block-id=\"edb2c37\"><div class=\"stk-block-icon-list-item__content\"><span class=\"stk-block-icon-list-item__marker\" aria-hidden=\"true\"><\/span><span class=\"stk-block-icon-list-item__text\">Melhorar a oxigena\u00e7\u00e3o absorvendo o CO da atmosfera, e produzindo oxig\u00eanio. 2<\/span><\/div><\/li>\n\n\n\n<li class=\"wp-block-stackable-icon-list-item stk-block-icon-list-item stk-block stk-fcbea96\" data-block-id=\"fcbea96\"><div class=\"stk-block-icon-list-item__content\"><span class=\"stk-block-icon-list-item__marker\" aria-hidden=\"true\"><\/span><span class=\"stk-block-icon-list-item__text\">Reduzir a temperatura local e global.<\/span><\/div><\/li>\n\n\n\n<li class=\"wp-block-stackable-icon-list-item stk-block-icon-list-item stk-block stk-c62005f\" data-block-id=\"c62005f\"><div class=\"stk-block-icon-list-item__content\"><span class=\"stk-block-icon-list-item__marker\" aria-hidden=\"true\"><\/span><span class=\"stk-block-icon-list-item__text\">Prote\u00e7\u00e3o de mananciais, e do solo, evitando a eros\u00e3o e a desertifica\u00e7\u00e3o.<\/span><\/div><\/li>\n\n\n\n<li class=\"wp-block-stackable-icon-list-item stk-block-icon-list-item stk-block stk-13a76bf\" data-block-id=\"13a76bf\"><div class=\"stk-block-icon-list-item__content\"><span class=\"stk-block-icon-list-item__marker\" aria-hidden=\"true\"><\/span><span class=\"stk-block-icon-list-item__text\">Preserva\u00e7\u00f5es de esp\u00e9cies vegetais e animais, ao criar corredores ecol\u00f3gicos entre os fragmentos de mata para o tr\u00e2nsito de animais.<\/span><\/div><\/li>\n<\/ol><\/div>\n","protected":false},"excerpt":{"rendered":"<p>Nosso Selo A cada servi\u00e7o prestado aos nossos clientes, ao t\u00e9rmino de cada etapa de trabalho apresentamos o diagn\u00f3stico contendo a quantidade de \u00e1rvores nativas da Mata Atl\u00e2ntica a serem plantadas conforme a emiss\u00e3o de gases efeito estufa que a nossa equipe de colaboradores produziu para atender o objetivo do contrato de presta\u00e7\u00e3o de servi\u00e7os. [&hellip;]<\/p>\n","protected":false},"author":1,"featured_media":0,"parent":0,"menu_order":0,"comment_status":"closed","ping_status":"closed","template":"","meta":{"footnotes":""},"class_list":["post-131","page","type-page","status-publish","hentry"],"blocksy_meta":[],"_links":{"self":[{"href":"https:\/\/www.inprocorporate.com.br\/novo\/wp-json\/wp\/v2\/pages\/131","targetHints":{"allow":["GET"]}}],"collection":[{"href":"https:\/\/www.inprocorporate.com.br\/novo\/wp-json\/wp\/v2\/pages"}],"about":[{"href":"https:\/\/www.inprocorporate.com.br\/novo\/wp-json\/wp\/v2\/types\/page"}],"author":[{"embeddable":true,"href":"https:\/\/www.inprocorporate.com.br\/novo\/wp-json\/wp\/v2\/users\/1"}],"replies":[{"embeddable":true,"href":"https:\/\/www.inprocorporate.com.br\/novo\/wp-json\/wp\/v2\/comments?post=131"}],"version-history":[{"count":0,"href":"https:\/\/www.inprocorporate.com.br\/novo\/wp-json\/wp\/v2\/pages\/131\/revisions"}],"wp:attachment":[{"href":"https:\/\/www.inprocorporate.com.br\/novo\/wp-json\/wp\/v2\/media?parent=131"}],"curies":[{"name":"wp","href":"https:\/\/api.w.org\/{rel}","templated":true}]}}