{"id":24,"date":"2024-02-15T13:51:31","date_gmt":"2024-02-15T16:51:31","guid":{"rendered":"https:\/\/www.inprocorporate.com.br\/novo\/?page_id=24"},"modified":"2024-02-15T13:56:37","modified_gmt":"2024-02-15T16:56:37","slug":"empresarial","status":"publish","type":"page","link":"https:\/\/www.inprocorporate.com.br\/novo\/empresarial\/","title":{"rendered":"Empresarial"},"content":{"rendered":"\n<div class=\"wp-block-stackable-columns stk-block-columns stk-block stk-dcfe0e3\" data-block-id=\"dcfe0e3\"><style>.stk-dcfe0e3{margin-bottom:0px !important}<\/style><div class=\"stk-row stk-inner-blocks stk-block-content stk-content-align stk-dcfe0e3-column\">\n<div class=\"wp-block-stackable-column stk-block-column stk-column stk-block stk-bcd2e68\" data-v=\"4\" data-block-id=\"bcd2e68\"><div class=\"stk-column-wrapper stk-block-column__content stk-container stk-bcd2e68-container stk--no-background stk--no-padding\"><div class=\"stk-block-content stk-inner-blocks stk-bcd2e68-inner-blocks\">\n<p>Sua empresa j\u00e1 conta com um setor de Intelig\u00eancia em Neg\u00f3cios a partir do fundo de Com\u00e9rcio? Temos uma proposta inovadora para fortalecer seu neg\u00f3cio por meio de uma plataforma de servi\u00e7os abrangente. Clientes, fornecedores, colaboradores e prestadores de servi\u00e7os ser\u00e3o beneficiados com as solu\u00e7\u00f5es que oferecemos.<\/p>\n\n\n\n<p>Nossa plataforma abrange diversos setores, tornando-se essencial para qualquer empresa. Desde 83 tipos de seguros regulamentados no Brasil, empr\u00e9stimos, financiamentos, mercado de capitais, previd\u00eancia, investimentos, c\u00e2mbio, energia renov\u00e1vel, mercado imobili\u00e1rio at\u00e9 incentivos fiscais, audiovisual, fus\u00f5es e aquisi\u00e7\u00f5es, e estrutura\u00e7\u00e3o de projetos. S\u00e3o servi\u00e7os que atendem \u00e0s diversas demandas do mercado, proporcionando uma abordagem abrangente para impulsionar os neg\u00f3cios.<\/p>\n\n\n\n<p><\/p>\n<\/div><\/div><\/div>\n\n\n\n<div class=\"wp-block-stackable-column stk-block-column stk-column stk-block stk-91d76d2\" data-v=\"4\" data-block-id=\"91d76d2\"><div class=\"stk-column-wrapper stk-block-column__content stk-container stk-91d76d2-container stk--no-background stk--no-padding\"><div class=\"stk-block-content stk-inner-blocks stk-91d76d2-inner-blocks\">\n<figure class=\"wp-block-image alignright size-full\"><img loading=\"lazy\" decoding=\"async\" width=\"700\" height=\"393\" src=\"http:\/\/www.inprocorporate.com.br\/novo\/wp-content\/uploads\/2024\/02\/23.jpg\" alt=\"\" class=\"wp-image-25\" srcset=\"https:\/\/www.inprocorporate.com.br\/novo\/wp-content\/uploads\/2024\/02\/23.jpg 700w, https:\/\/www.inprocorporate.com.br\/novo\/wp-content\/uploads\/2024\/02\/23-300x168.jpg 300w\" sizes=\"auto, (max-width: 700px) 100vw, 700px\" \/><\/figure>\n<\/div><\/div><\/div>\n<\/div><\/div>\n\n\n\n<hr class=\"wp-block-separator has-text-color has-palette-color-1-color has-alpha-channel-opacity has-palette-color-1-background-color has-background is-style-wide\" style=\"margin-top:var(--wp--preset--spacing--70);margin-bottom:var(--wp--preset--spacing--70)\"\/>\n\n\n\n<div class=\"wp-block-stackable-columns stk-block-columns stk-block stk-faa90ae\" data-block-id=\"faa90ae\"><div class=\"stk-row stk-inner-blocks stk-block-content stk-content-align stk-faa90ae-column\">\n<div class=\"wp-block-stackable-column stk-block-column stk-column stk-block stk-9cffbaa\" data-v=\"4\" data-block-id=\"9cffbaa\"><div class=\"stk-column-wrapper stk-block-column__content stk-container stk-9cffbaa-container stk--no-background stk--no-padding\"><div class=\"stk-block-content stk-inner-blocks stk-9cffbaa-inner-blocks\">\n<div class=\"wp-block-stackable-heading stk-block-heading stk-block-heading--v2 stk-block stk-116d3e0\" id=\"regras-e-premissas-para-aderir-a-plataforma-incluem\" data-block-id=\"116d3e0\"><h4 class=\"stk-block-heading__text\">Regras e premissas para aderir \u00e0 plataforma incluem:<\/h4><\/div>\n\n\n\n<div class=\"wp-block-stackable-icon-list stk-block-icon-list stk-block stk-6e9b604\" data-block-id=\"6e9b604\"><svg style=\"display:none\"><defs><g id=\"stk-icon-list__icon-svg-def-6e9b604\"><svg xmlns=\"http:\/\/www.w3.org\/2000\/svg\" viewBox=\"0 0 190 190\"><polygon points=\"173.8,28.4 60.4,141.8 15.7,97.2 5.1,107.8 60.4,163 184.4,39 173.8,28.4\"\/><\/svg><\/g><\/defs><\/svg><ul class=\"stk-block-icon-list__ul stk-block-icon-list--column\">\n<li class=\"wp-block-stackable-icon-list-item stk-block-icon-list-item stk-block stk-7d022ff\" data-block-id=\"7d022ff\"><div class=\"stk-block-icon-list-item__content\"><span class=\"stk--svg-wrapper\"><div class=\"stk--inner-svg\"><svg aria-hidden=\"true\" width=\"32\" height=\"32\"><use xlink:href=\"#stk-icon-list__icon-svg-def-6e9b604\"><\/use><\/svg><\/div><\/span><span class=\"stk-block-icon-list-item__text\">Comprometimento na constru\u00e7\u00e3o do departamento de intelig\u00eancia.<\/span><\/div><\/li>\n\n\n\n<li class=\"wp-block-stackable-icon-list-item stk-block-icon-list-item stk-block stk-2f239f3\" data-block-id=\"2f239f3\"><div class=\"stk-block-icon-list-item__content\"><span class=\"stk--svg-wrapper\"><div class=\"stk--inner-svg\"><svg aria-hidden=\"true\" width=\"32\" height=\"32\"><use xlink:href=\"#stk-icon-list__icon-svg-def-6e9b604\"><\/use><\/svg><\/div><\/span><span class=\"stk-block-icon-list-item__text\">Colabora\u00e7\u00e3o para alinhar estrat\u00e9gias comerciais e institucionais.<\/span><\/div><\/li>\n\n\n\n<li class=\"wp-block-stackable-icon-list-item stk-block-icon-list-item stk-block stk-9ada5a7\" data-block-id=\"9ada5a7\"><div class=\"stk-block-icon-list-item__content\"><span class=\"stk--svg-wrapper\"><div class=\"stk--inner-svg\"><svg aria-hidden=\"true\" width=\"32\" height=\"32\"><use xlink:href=\"#stk-icon-list__icon-svg-def-6e9b604\"><\/use><\/svg><\/div><\/span><span class=\"stk-block-icon-list-item__text\">Avalia\u00e7\u00e3o cuidadosa dos benef\u00edcios de cada proposta antes da implementa\u00e7\u00e3o.<\/span><\/div><\/li>\n\n\n\n<li class=\"wp-block-stackable-icon-list-item stk-block-icon-list-item stk-block stk-8ca475d\" data-block-id=\"8ca475d\"><div class=\"stk-block-icon-list-item__content\"><span class=\"stk--svg-wrapper\"><div class=\"stk--inner-svg\"><svg aria-hidden=\"true\" width=\"32\" height=\"32\"><use xlink:href=\"#stk-icon-list__icon-svg-def-6e9b604\"><\/use><\/svg><\/div><\/span><span class=\"stk-block-icon-list-item__text\">Realiza\u00e7\u00e3o de pilotos e avalia\u00e7\u00e3o dos resultados esperados e alcan\u00e7ados. Sua empresa est\u00e1 pronta para dar o pr\u00f3ximo passo? Eu, M\u00e1rcio Godoy, estou \u00e0 disposi\u00e7\u00e3o para a primeira reuni\u00e3o. Estou comprometido em conhecer as estrat\u00e9gias de crescimento da sua empresa e agregar valor. Se h\u00e1 d\u00favidas dos produtos mencionados, n\u00e3o se preocupe. Estou aqui para capacitar voc\u00ea e contribuir para seu crescimento pessoal e da sua equipe. Esta interessado em se tornar um formador de mercado, agende uma entrevista pelo telefone 48 &#8211; 99963.0430 ou envie um e-mail para godoy@godoy.com.br. Estou ansioso para colaborar com o desenvolvimento de sua empresa.<\/span><\/div><\/li>\n<\/ul><\/div>\n<\/div><\/div><\/div>\n<\/div><\/div>\n","protected":false},"excerpt":{"rendered":"<p>Sua empresa j\u00e1 conta com um setor de Intelig\u00eancia em Neg\u00f3cios a partir do fundo de Com\u00e9rcio? Temos uma proposta inovadora para fortalecer seu neg\u00f3cio por meio de uma plataforma de servi\u00e7os abrangente. Clientes, fornecedores, colaboradores e prestadores de servi\u00e7os ser\u00e3o beneficiados com as solu\u00e7\u00f5es que oferecemos. Nossa plataforma abrange diversos setores, tornando-se essencial para [&hellip;]<\/p>\n","protected":false},"author":1,"featured_media":0,"parent":0,"menu_order":0,"comment_status":"closed","ping_status":"closed","template":"","meta":{"footnotes":""},"class_list":["post-24","page","type-page","status-publish","hentry"],"blocksy_meta":[],"_links":{"self":[{"href":"https:\/\/www.inprocorporate.com.br\/novo\/wp-json\/wp\/v2\/pages\/24","targetHints":{"allow":["GET"]}}],"collection":[{"href":"https:\/\/www.inprocorporate.com.br\/novo\/wp-json\/wp\/v2\/pages"}],"about":[{"href":"https:\/\/www.inprocorporate.com.br\/novo\/wp-json\/wp\/v2\/types\/page"}],"author":[{"embeddable":true,"href":"https:\/\/www.inprocorporate.com.br\/novo\/wp-json\/wp\/v2\/users\/1"}],"replies":[{"embeddable":true,"href":"https:\/\/www.inprocorporate.com.br\/novo\/wp-json\/wp\/v2\/comments?post=24"}],"version-history":[{"count":0,"href":"https:\/\/www.inprocorporate.com.br\/novo\/wp-json\/wp\/v2\/pages\/24\/revisions"}],"wp:attachment":[{"href":"https:\/\/www.inprocorporate.com.br\/novo\/wp-json\/wp\/v2\/media?parent=24"}],"curies":[{"name":"wp","href":"https:\/\/api.w.org\/{rel}","templated":true}]}}